{"id":505,"date":"2026-03-12T22:48:19","date_gmt":"2026-03-12T21:48:19","guid":{"rendered":"https:\/\/nccorp.fr\/?page_id=505"},"modified":"2026-03-12T22:53:28","modified_gmt":"2026-03-12T21:53:28","slug":"mentions-legales","status":"publish","type":"page","link":"https:\/\/nccorp.fr\/en\/mentions-legales\/","title":{"rendered":"Legale notice"},"content":{"rendered":"<div data-elementor-type=\"wp-page\" data-elementor-id=\"505\" class=\"elementor elementor-505\" data-elementor-post-type=\"page\">\n\t\t\t\t\t\t<section class=\"elementor-section elementor-top-section elementor-element elementor-element-6e45036 elementor-section-boxed elementor-section-height-default elementor-section-height-default\" data-id=\"6e45036\" data-element_type=\"section\" data-e-type=\"section\">\n\t\t\t\t\t\t<div class=\"elementor-container elementor-column-gap-default\">\n\t\t\t\t\t<div class=\"elementor-column elementor-col-16 elementor-top-column elementor-element elementor-element-3e74de9\" data-id=\"3e74de9\" data-element_type=\"column\" data-e-type=\"column\">\n\t\t\t<div class=\"elementor-widget-wrap\">\n\t\t\t\t\t\t\t<\/div>\n\t\t<\/div>\n\t\t\t\t<div class=\"elementor-column elementor-col-66 elementor-top-column elementor-element elementor-element-c3515f7\" data-id=\"c3515f7\" data-element_type=\"column\" data-e-type=\"column\">\n\t\t\t<div class=\"elementor-widget-wrap elementor-element-populated\">\n\t\t\t\t\t\t<div class=\"elementor-element elementor-element-5f3b188 elementor-widget elementor-widget-heading\" data-id=\"5f3b188\" data-element_type=\"widget\" data-e-type=\"widget\" data-widget_type=\"heading.default\">\n\t\t\t\t<div class=\"elementor-widget-container\">\n\t\t\t\t\t<h2 class=\"elementor-heading-title elementor-size-default\">Legale notice<\/h2>\t\t\t\t<\/div>\n\t\t\t\t<\/div>\n\t\t\t\t<div class=\"elementor-element elementor-element-d3d453e elementor-widget elementor-widget-text-editor\" data-id=\"d3d453e\" data-element_type=\"widget\" data-e-type=\"widget\" data-widget_type=\"text-editor.default\">\n\t\t\t\t<div class=\"elementor-widget-container\">\n\t\t\t\t\t\t\t\t\t<section><h4 class=\"font-serif text-xl text-foreground mb-3\">1. \u00c9diteur du site<\/h4><p><strong class=\"text-foreground\">NC Corporate<\/strong><br \/>Legal form: SASU (Simplified Joint-Stock Company)<br \/>SIRET: 100 339 001 00016<br \/>Email :\u00a0<a class=\"text-primary hover:underline\" href=\"mailto:business@nccorp.fr\">business@nccorp.fr<\/a><br \/>Phone\u00a0<a class=\"text-primary hover:underline\" href=\"tel:+33626307427\">+33 6 26 30 74 27<\/a><\/p><\/section><section><h4 class=\"font-serif text-xl text-foreground mb-3\">2. Publication Director<\/h4><p>The publication director is the legal representative of NC Corporate.<\/p><\/section><section><h4 class=\"font-serif text-xl text-foreground mb-3\">3. Hosting<\/h4><p><strong class=\"text-foreground\">OVHcloud<\/strong><br \/>SAS with a share capital of \u20ac10,174,560<br \/>Registered office: 2 rue Kellermann, 59100 Roubaix, France<br \/>RCS Lille M\u00e9tropole 424 761 419 00045<br \/>Phone: +33 9 72 10 10 07<br \/>Website :\u00a0<a class=\"text-primary hover:underline\" href=\"https:\/\/www.ovhcloud.com\/\" target=\"_blank\" rel=\"noopener noreferrer\">www.ovhcloud.com<\/a><\/p><\/section><section><h4 class=\"font-serif text-xl text-foreground mb-3\">4. Intellectual Property<\/h4><p>All content on this website (texts, images, graphics, logo, icons, etc.) is the exclusive property of NC Corporate, except for trademarks, logos or content belonging to other partner companies or authors. Any reproduction, distribution, modification, retransmission or publication of these elements is strictly prohibited without the express written consent of NC Corporate.<\/p><\/section><section><h4 class=\"font-serif text-xl text-foreground mb-3\">5. Limitation of Liability<\/h4><p>NC Corporate strives to ensure the accuracy and updating of information published on this website. However, NC Corporate cannot guarantee the accuracy, precision or completeness of the information provided. Consequently, NC Corporate declines all responsibility for any inaccuracy, error or omission in the information available on this site.<\/p><\/section><section><h4 class=\"font-serif text-xl text-foreground mb-3\">6. Personal Data<\/h4><p>In accordance with the General Data Protection Regulation (GDPR) and the French Data Protection Act of 6 January 1978 (as amended), you have the right to access, rectify, delete and object to personal data concerning you. This website only collects personal data through the contact form. No data is shared with third parties. To exercise your rights, contact us at:\u00a0<a class=\"text-primary hover:underline\" href=\"mailto:business@nccorp.fr\">business@nccorp.fr<\/a>.<\/p><\/section><section><h4 class=\"font-serif text-xl text-foreground mb-3\">7. Cookies<\/h4><p>This website may use cookies for audience measurement and to improve user experience. You can configure your browser to refuse cookies. Refusing cookies does not prevent browsing the website.<\/p><\/section><section><h4 class=\"font-serif text-xl text-foreground mb-3\">8. Applicable Law<\/h4><p>These legal notices are governed by French law. In the event of a dispute, and failing amicable resolution, the French courts shall have sole jurisdiction.<\/p><\/section>\t\t\t\t\t\t\t\t<\/div>\n\t\t\t\t<\/div>\n\t\t\t\t\t<\/div>\n\t\t<\/div>\n\t\t\t\t<div class=\"elementor-column elementor-col-16 elementor-top-column elementor-element elementor-element-44373a4\" data-id=\"44373a4\" data-element_type=\"column\" data-e-type=\"column\">\n\t\t\t<div class=\"elementor-widget-wrap\">\n\t\t\t\t\t\t\t<\/div>\n\t\t<\/div>\n\t\t\t\t\t<\/div>\n\t\t<\/section>\n\t\t\t\t<\/div>","protected":false},"excerpt":{"rendered":"<p>Mentions l\u00e9gales 1. \u00c9diteur du site NC CorporateForme juridique : SASUSIRET : 100 339 001 00016Email :\u00a0business@nccorp.frT\u00e9l\u00e9phone :\u00a0+33 6 26 30 74 27 2. Directeur de la publication Le directeur de la publication est le repr\u00e9sentant l\u00e9gal de NC Corporate. 3. H\u00e9bergement OVHcloudSAS au capital de 10 174 560 \u20acSi\u00e8ge social : 2 rue Kellermann, [&hellip;]<\/p>\n","protected":false},"author":1,"featured_media":0,"parent":0,"menu_order":0,"comment_status":"closed","ping_status":"closed","template":"","meta":{"footnotes":""},"class_list":["post-505","page","type-page","status-publish","hentry"],"blocksy_meta":{"has_hero_section":"disabled","vertical_spacing_source":"custom","content_area_spacing":"none","styles_descriptor":{"styles":{"desktop":"","tablet":"","mobile":""},"google_fonts":[],"version":6}},"_links":{"self":[{"href":"https:\/\/nccorp.fr\/en\/wp-json\/wp\/v2\/pages\/505","targetHints":{"allow":["GET"]}}],"collection":[{"href":"https:\/\/nccorp.fr\/en\/wp-json\/wp\/v2\/pages"}],"about":[{"href":"https:\/\/nccorp.fr\/en\/wp-json\/wp\/v2\/types\/page"}],"author":[{"embeddable":true,"href":"https:\/\/nccorp.fr\/en\/wp-json\/wp\/v2\/users\/1"}],"replies":[{"embeddable":true,"href":"https:\/\/nccorp.fr\/en\/wp-json\/wp\/v2\/comments?post=505"}],"version-history":[{"count":7,"href":"https:\/\/nccorp.fr\/en\/wp-json\/wp\/v2\/pages\/505\/revisions"}],"predecessor-version":[{"id":512,"href":"https:\/\/nccorp.fr\/en\/wp-json\/wp\/v2\/pages\/505\/revisions\/512"}],"wp:attachment":[{"href":"https:\/\/nccorp.fr\/en\/wp-json\/wp\/v2\/media?parent=505"}],"curies":[{"name":"wp","href":"https:\/\/api.w.org\/{rel}","templated":true}]}}