{"id":265,"date":"2025-01-18T14:04:47","date_gmt":"2025-01-18T13:04:47","guid":{"rendered":"http:\/\/nccorp.fr\/?page_id=265"},"modified":"2026-03-12T22:47:49","modified_gmt":"2026-03-12T21:47:49","slug":"mentions-legale","status":"publish","type":"page","link":"https:\/\/nccorp.fr\/en\/mentions-legale\/","title":{"rendered":"Mentions l\u00e9gale"},"content":{"rendered":"\n<p><strong>\u00c9diteur du site :<\/strong><\/p>\n\n\n\n<ul class=\"wp-block-list\">\n<li><strong>Nom de l&rsquo;entreprise :<\/strong> NCCorp<\/li>\n\n\n\n<li><strong>Forme juridique :<\/strong> [Pr\u00e9cisez la forme juridique, par exemple, SAS, SARL, etc.]<\/li>\n\n\n\n<li><strong>Adresse du si\u00e8ge social :<\/strong> Av. de la Gare, 1630 Bulle, Suisse<\/li>\n\n\n\n<li><strong>Num\u00e9ro de t\u00e9l\u00e9phone :<\/strong> +33 6 26 30 74 27<\/li>\n\n\n\n<li><strong>Adresse e-mail :<\/strong> <a>business@nccorp.fr<\/a><\/li>\n\n\n\n<li><strong>Num\u00e9ro SIRET :<\/strong> [\u00c0 compl\u00e9ter]<\/li>\n\n\n\n<li><strong>Directeur de la publication :<\/strong> [Nom du directeur]<\/li>\n<\/ul>\n\n\n\n<p><strong>H\u00e9bergeur du site :<\/strong><\/p>\n\n\n\n<ul class=\"wp-block-list\">\n<li><strong>Nom :<\/strong> Hostinger International Ltd.<\/li>\n\n\n\n<li><strong>Adresse :<\/strong> 61 Lordou Vironos Street, Larnaca, 6023, Chypre<\/li>\n\n\n\n<li><strong>T\u00e9l\u00e9phone :<\/strong> +370 645 03378<\/li>\n\n\n\n<li><strong>E-mail :<\/strong> <a>domains@hostinger.com<\/a><\/li>\n\n\n\n<li><strong>Site web :<\/strong> <a href=\"https:\/\/www.hostinger.fr\">https:\/\/www.hostinger.fr<\/a><\/li>\n<\/ul>\n\n\n\n<p><strong>Propri\u00e9t\u00e9 intellectuelle :<\/strong><\/p>\n\n\n\n<p>Le contenu du site (textes, images, graphismes, logo, ic\u00f4nes, etc.) est la propri\u00e9t\u00e9 exclusive de NCCorp, sauf mention contraire. Toute reproduction, distribution, modification, adaptation, retransmission ou publication de ces \u00e9l\u00e9ments est strictement interdite sans l&rsquo;accord \u00e9crit pr\u00e9alable de NCCorp.<\/p>\n\n\n\n<p><strong>Responsabilit\u00e9 :<\/strong><\/p>\n\n\n\n<p>NCCorp s&rsquo;efforce d&rsquo;assurer l&rsquo;exactitude et la mise \u00e0 jour des informations diffus\u00e9es sur ce site. Toutefois, NCCorp ne peut garantir l&rsquo;exactitude, la pr\u00e9cision ou l&rsquo;exhaustivit\u00e9 des informations mises \u00e0 disposition sur ce site. En cons\u00e9quence, NCCorp d\u00e9cline toute responsabilit\u00e9 pour toute impr\u00e9cision, inexactitude ou omission portant sur des informations disponibles sur ce site.<\/p>\n\n\n\n<p><strong>Donn\u00e9es personnelles :<\/strong><\/p>\n\n\n\n<p>Pour plus d&rsquo;informations sur la collecte et le traitement de vos donn\u00e9es personnelles, veuillez consulter notre <a href=\"http:\/\/nccorp.fr\/politique-de-confidentialite\/\" data-type=\"page\" data-id=\"264\">Politique de Confidentialit\u00e9<\/a>.<\/p>\n\n\n\n<p><strong>Cookies :<\/strong><\/p>\n\n\n\n<p>Le site peut utiliser des cookies pour am\u00e9liorer l&rsquo;exp\u00e9rience utilisateur. Pour en savoir plus sur l&rsquo;utilisation des cookies et vos droits \u00e0 cet \u00e9gard, veuillez consulter notre <a href=\"http:\/\/nccorp.fr\/politique-de-confidentialite\/\" data-type=\"page\" data-id=\"264\">Politique de Confidentialit\u00e9<\/a>.<\/p>\n\n\n\n<p><strong>Liens hypertextes :<\/strong><\/p>\n\n\n\n<p>Le site peut contenir des liens hypertextes vers d&rsquo;autres sites. NCCorp n&rsquo;exerce aucun contr\u00f4le sur le contenu de ces sites et d\u00e9cline toute responsabilit\u00e9 \u00e0 leur \u00e9gard.<\/p>\n\n\n\n<p><\/p>\n","protected":false},"excerpt":{"rendered":"<p>\u00c9diteur du site : H\u00e9bergeur du site : Propri\u00e9t\u00e9 intellectuelle : Le contenu du site (textes, images, graphismes, logo, ic\u00f4nes, etc.) est la propri\u00e9t\u00e9 exclusive de NCCorp, sauf mention contraire. Toute reproduction, distribution, modification, adaptation, retransmission ou publication de ces \u00e9l\u00e9ments est strictement interdite sans l&rsquo;accord \u00e9crit pr\u00e9alable de NCCorp. Responsabilit\u00e9 : NCCorp s&rsquo;efforce d&rsquo;assurer [&hellip;]<\/p>\n","protected":false},"author":1,"featured_media":0,"parent":0,"menu_order":0,"comment_status":"closed","ping_status":"closed","template":"","meta":{"footnotes":""},"class_list":["post-265","page","type-page","status-publish","hentry"],"blocksy_meta":[],"_links":{"self":[{"href":"https:\/\/nccorp.fr\/en\/wp-json\/wp\/v2\/pages\/265","targetHints":{"allow":["GET"]}}],"collection":[{"href":"https:\/\/nccorp.fr\/en\/wp-json\/wp\/v2\/pages"}],"about":[{"href":"https:\/\/nccorp.fr\/en\/wp-json\/wp\/v2\/types\/page"}],"author":[{"embeddable":true,"href":"https:\/\/nccorp.fr\/en\/wp-json\/wp\/v2\/users\/1"}],"replies":[{"embeddable":true,"href":"https:\/\/nccorp.fr\/en\/wp-json\/wp\/v2\/comments?post=265"}],"version-history":[{"count":5,"href":"https:\/\/nccorp.fr\/en\/wp-json\/wp\/v2\/pages\/265\/revisions"}],"predecessor-version":[{"id":504,"href":"https:\/\/nccorp.fr\/en\/wp-json\/wp\/v2\/pages\/265\/revisions\/504"}],"wp:attachment":[{"href":"https:\/\/nccorp.fr\/en\/wp-json\/wp\/v2\/media?parent=265"}],"curies":[{"name":"wp","href":"https:\/\/api.w.org\/{rel}","templated":true}]}}